{"id":169,"date":"2020-07-20T22:35:43","date_gmt":"2020-07-20T19:35:43","guid":{"rendered":"http:\/\/yusuferadam.com\/?page_id=169"},"modified":"2020-08-24T19:26:28","modified_gmt":"2020-08-24T16:26:28","slug":"bio","status":"publish","type":"page","link":"http:\/\/yusuferadam.com\/?page_id=169","title":{"rendered":"Bio"},"content":{"rendered":"<p>Yusuf Eradam<br \/>\nProf. Dr. Yusuf Eradam, Hacettepe \u00dcniversitesi, \u0130ngiliz Dili ve Edebiyat\u0131\u2019ndan lisans, y\u00fcksek lisans ve doktora dereceleri, \u0130ngiliz K\u00fclt\u00fcr Heyeti burslusu olarak gitti\u011fi University of Edinburgh, Moray House College of Education\u2019dan ikinci y\u00fcksek lisans\u0131n\u0131 ald\u0131 (TESOL).<\/p>\n<p>Hacettepe \u00dcniversitesi, Yabanc\u0131 Diller Y\u00fcksek Okulu\u2019nda okutman olarak sekiz y\u0131l \u00e7al\u0131\u015ft\u0131ktan sonra Ankara \u00dcniversitesi, DTCF Amerikan K\u00fclt\u00fcr\u00fc ve Edebiyat\u0131 b\u00f6l\u00fcm\u00fcnde yard\u0131mc\u0131 do\u00e7ent, do\u00e7ent ve profes\u00f6r olarak g\u00f6rev yapan Eradam, ayn\u0131 \u00fcniversiteden 2004 y\u0131l\u0131nda b\u00f6l\u00fcm ba\u015fkan\u0131yken emekli oldu ve \u0130stanbul\u2019da Hali\u00e7 \u00dcniversitesi\u2019nde M\u00fctercim-Terc\u00fcmanl\u0131k b\u00f6l\u00fcm\u00fcn\u00fc kurdu. I\u015f\u0131k \u00dcniversitesi\u2019nde de bir y\u0131l \u00e7al\u0131\u015ft\u0131. Bah\u00e7e\u015fehir \u00dcniversitesi\u2019nde Amerikan K\u00fclt\u00fcr\u00fc ve Edebiyat\u0131 B\u00f6l\u00fcm Ba\u015fkan\u0131 olarak \u00e7al\u0131\u015f\u0131rken 2014 y\u0131l\u0131nda ayr\u0131ld\u0131 ve 2018\u2019e dek \u0130stanbul K\u00fclt\u00fcr \u00dcniversitesi\u2019nde \u0130ngiliz Dili ve Edebiyat\u0131 B\u00f6l\u00fcm Ba\u015fkan\u0131 olarak \u00e7al\u0131\u015ft\u0131.<\/p>\n<p>1988 y\u0131l\u0131nda ASAT\u2019\u0131 (American Studies Association of Turkey) yedi kurucusundan biri oldu. 1999 y\u0131l\u0131nda Cambridge, Downing College\u2019in geleneksel d\u00fcnya yazarlar ve \u00e7evirmenler bulu\u015fmas\u0131nda \u0130ngiliz K\u00fclt\u00fcr Heyeti burslusu ve Waltic (Stockholm) kongresinde davetli olarak T\u00fcrkiye\u2019yi temsil etti.<\/p>\n<p>ABD\u2019de \u201cDavetli Se\u00e7kin Yabanc\u0131 Profes\u00f6r\u201d olarak University of Nevada, Las Vegas\u2019ta (UNLV, 1994) ve Saginaw Valley State University\u2019de (SVSU, 1999) kar\u015f\u0131la\u015ft\u0131rmal\u0131 edebiyat ve film dersleri verdi.<\/p>\n<p>\u0130ngiliz ve Amerikan K\u00fclt\u00fcr\u00fc ve Edebiyat\u0131, Kar\u015f\u0131la\u015ft\u0131rmal\u0131 Edebiyat, Yarat\u0131c\u0131 Yazarl\u0131k ve \u00c7eviri alanlar\u0131nda lisans, y\u00fcksek lisans ve doktora dersleri verdi. Yirmi \u00fc\u00e7 kitab\u0131ndan dokuzu \u00e7eviridir. Sylvia Plath ve Paul Auster\u2019\u0131n kitaplar\u0131n\u0131 T\u00fcrk\u00e7eye kazand\u0131ran ilk akademisyen oldu. Mezunu oldu\u011fu Dar\u00fc\u015f\u015fafaka yarar\u0131na be\u015f foto\u011fraf sergisi a\u00e7t\u0131, bestelerinin on \u00fc\u00e7\u00fcnden olu\u015fan alb\u00fcm\u00fc de 2014 y\u0131l\u0131nda Kalan\u2019dan \u00e7\u0131kt\u0131. Halen, edebiyat ve ekoloji \u00fczerine ara\u015ft\u0131rma yap\u0131yor.<\/p>\n<p>Prof. Dr. Yusuf Eradam Mart 2018\u2019den bu yana TED \u00dcniversitesi\u2019nde \u0130ngiliz Dili ve Edebiyat\u0131 b\u00f6l\u00fcm\u00fcnde &#8220;Kurucu Ba\u015fkan&#8221; \u00f6\u011fretim \u00fcyesi olarak \u00e7al\u0131\u015fmaktad\u0131r.<\/p>\n<p>Ara\u015ft\u0131rma Alanlar\u0131:<br \/>\nFiloloji &#8211; D\u00fcnya Dilleri ve Edebiyatlar\u0131 &#8211; \u0130ngiliz Dili ve Edebiyat\u0131<br \/>\nAra\u015ft\u0131rma \u0130lgi Alanlar\u0131:<br \/>\nBritish and American cultures and literatures; environmental humanities; creativity; ecology and creativity; American cinema; poetry; theatre; translation of poetry and drama.<\/p>\n<p>\u00d6\u011frenim:<\/p>\n<p>PhD<br \/>\nHacettepe University, Turkey<\/p>\n<p>M.A<br \/>\nHacettepe University, Turkey<\/p>\n<p>M.A<br \/>\nThe University of Edinburgh, Moray House College of Education, United Kingdom<\/p>\n","protected":false},"excerpt":{"rendered":"<p>Yusuf Eradam Prof. Dr. Yusuf Eradam, Hacettepe \u00dcniversitesi, \u0130ngiliz Dili ve Edebiyat\u0131\u2019ndan lisans, y\u00fcksek lisans ve doktora dereceleri, \u0130ngiliz K\u00fclt\u00fcr Heyeti burslusu olarak gitti\u011fi University of Edinburgh, Moray House College of Education\u2019dan ikinci y\u00fcksek lisans\u0131n\u0131 ald\u0131 (TESOL). Hacettepe \u00dcniversitesi, Yabanc\u0131 Diller Y\u00fcksek Okulu\u2019nda okutman olarak sekiz y\u0131l \u00e7al\u0131\u015ft\u0131ktan sonra Ankara \u00dcniversitesi, DTCF Amerikan K\u00fclt\u00fcr\u00fc ve &hellip; <\/p>\n<p><a class=\"more-link btn\" href=\"http:\/\/yusuferadam.com\/?page_id=169\">Devam\u0131n\u0131 oku<\/a><\/p>\n","protected":false},"author":1,"featured_media":0,"parent":0,"menu_order":0,"comment_status":"closed","ping_status":"closed","template":"","meta":[],"_links":{"self":[{"href":"http:\/\/yusuferadam.com\/index.php?rest_route=\/wp\/v2\/pages\/169"}],"collection":[{"href":"http:\/\/yusuferadam.com\/index.php?rest_route=\/wp\/v2\/pages"}],"about":[{"href":"http:\/\/yusuferadam.com\/index.php?rest_route=\/wp\/v2\/types\/page"}],"author":[{"embeddable":true,"href":"http:\/\/yusuferadam.com\/index.php?rest_route=\/wp\/v2\/users\/1"}],"replies":[{"embeddable":true,"href":"http:\/\/yusuferadam.com\/index.php?rest_route=%2Fwp%2Fv2%2Fcomments&post=169"}],"version-history":[{"count":3,"href":"http:\/\/yusuferadam.com\/index.php?rest_route=\/wp\/v2\/pages\/169\/revisions"}],"predecessor-version":[{"id":786,"href":"http:\/\/yusuferadam.com\/index.php?rest_route=\/wp\/v2\/pages\/169\/revisions\/786"}],"wp:attachment":[{"href":"http:\/\/yusuferadam.com\/index.php?rest_route=%2Fwp%2Fv2%2Fmedia&parent=169"}],"curies":[{"name":"wp","href":"https:\/\/api.w.org\/{rel}","templated":true}]}}