{"id":607,"date":"2020-08-23T16:49:13","date_gmt":"2020-08-23T13:49:13","guid":{"rendered":"https:\/\/yusuferadam.com\/?page_id=607"},"modified":"2020-08-23T16:49:13","modified_gmt":"2020-08-23T13:49:13","slug":"pacavra-ayiklayicilari","status":"publish","type":"page","link":"http:\/\/yusuferadam.com\/?page_id=607","title":{"rendered":"PA\u00c7AVRA AYIKLAYICILARI"},"content":{"rendered":"<p><a href=\"https:\/\/yusuferadam.com\/wp-content\/uploads\/2020\/08\/smythe-eradam-pac\u0327avra-ay\u0131klay\u0131c\u0131lar\u0131.pdf\">smythe, eradam pac\u0327avra ay\u0131klay\u0131c\u0131lar\u0131<\/a><\/p>\n","protected":false},"excerpt":{"rendered":"<p>smythe, eradam pac\u0327avra ay\u0131klay\u0131c\u0131lar\u0131<\/p>\n","protected":false},"author":1,"featured_media":0,"parent":0,"menu_order":0,"comment_status":"closed","ping_status":"closed","template":"","meta":[],"_links":{"self":[{"href":"http:\/\/yusuferadam.com\/index.php?rest_route=\/wp\/v2\/pages\/607"}],"collection":[{"href":"http:\/\/yusuferadam.com\/index.php?rest_route=\/wp\/v2\/pages"}],"about":[{"href":"http:\/\/yusuferadam.com\/index.php?rest_route=\/wp\/v2\/types\/page"}],"author":[{"embeddable":true,"href":"http:\/\/yusuferadam.com\/index.php?rest_route=\/wp\/v2\/users\/1"}],"replies":[{"embeddable":true,"href":"http:\/\/yusuferadam.com\/index.php?rest_route=%2Fwp%2Fv2%2Fcomments&post=607"}],"version-history":[{"count":0,"href":"http:\/\/yusuferadam.com\/index.php?rest_route=\/wp\/v2\/pages\/607\/revisions"}],"wp:attachment":[{"href":"http:\/\/yusuferadam.com\/index.php?rest_route=%2Fwp%2Fv2%2Fmedia&parent=607"}],"curies":[{"name":"wp","href":"https:\/\/api.w.org\/{rel}","templated":true}]}}