{"id":849,"date":"2020-11-19T13:57:16","date_gmt":"2020-11-19T10:57:16","guid":{"rendered":"https:\/\/yusuferadam.com\/?page_id=849"},"modified":"2020-11-23T20:45:28","modified_gmt":"2020-11-23T17:45:28","slug":"oruc-aruoba-on-life-that-de-ki-iste","status":"publish","type":"page","link":"http:\/\/yusuferadam.com\/?page_id=849","title":{"rendered":"ORU\u00c7 ARUOBA: \u201cON LIFE\u201d (THAT) \u2013 DE Ki (\u0130\u015eTE)"},"content":{"rendered":"<p><strong>ORU\u00c7 ARUOBA<\/strong><br \/>(<strong><em>Yazar Onayl\u0131 \u00c7eviren \u00d6\u011frencisi: Yusuf Eradam<\/em><\/strong>)<\/p>\n<p>SELECTED PASSAGES FROM <strong>\u201cON LIFE\u201d (THAT) \u2013 DE Ki (\u0130\u015eTE)<\/strong>To Bora\u011fan (*)<\/p>\n<p>(This translation by his student Yusuf Eradam was approved in Ankara by Oru\u00e7 Oruoba, the author, when he visited the translator at his home some 20 years before he passed away in \u0130zmir in 2020.)<\/p>\n<p>1.<\/p>\n<p>Your life, basically, will be the process of your trying to be.<\/p>\n<p> and selfsufficient\u2014at birth you were wholly<\/p>\n<p>dependent; and at the end, at death, \u2014if you can succeed\u2014 you<\/p>\n<p>will be able to be wholly independent.<\/p>\n<p>But, between the two (birth and death), your life will always be<br \/>a development: not a \u2018progress\u2019; a development, in this or that direction\u2026<\/p>\n<p>In the direction of being selfsufficient and independent, your<br \/>\u2028development will always be a road you walk on passing through the<br \/>relationships you fashion with other persons.<\/p>\n<p>Your independence will pass through your dependencies.<\/p>\n<p>Rendering your life independent is possible only in dependencies<br \/>\u2014so that making your life free should be incessantly tying it<br \/>up somewhere, and then breaking it off.<\/p>\n<p>Life cannot liberate itself without breaking away\u2014<br \/>but it cannot break away without first tying itself up<br \/>Liberation in your life will always be being tied<br \/>Tying yourself up\u2014and then breaking off your ties.<\/p>\n<p>2.<br \/>Your life will pass fighting against tendencies (including your own)<br \/>that will try to keep you below the level of life you need to reach.<br \/>\u2014And therefore, you will not be able to reach the level you need to reach;<br \/>that is, in the end, those tendencies will be successful.<br \/>Maybe, this is what they want anyway:<br \/>that you should be kept below the level you need to reach while fighting against them\u2026<\/p>\n<p>But still, you will fight: the result will be the same anyway<br \/>\u2014weren\u2019t you to remain below the level you need to reach anyway?<br \/>\u2014But, if you fight, you will at least reach wherever<br \/>you can fighting\u2014and that will not be in vain.<\/p>\n<p>6.<br \/>Every step you will want to take in life<br \/>will have a price : you will be able to take that step<br \/>only when you are ready to pay that price\u2014you will not be able<br \/>to pay the price in advance; if you are not ready to take the<br \/>step, you can\u2019t pay the price: At the time of taking the step,<br \/>you will have become ripe enough to pay the price.<\/p>\n<p>7.<br \/>Your life is the place you will want to go\u2014anyway,<br \/>since you live this life, you have wanted to go there,<br \/>and that you want it: life is the place you go\u2014and the place<br \/>you want to go; and the place you will go anyway.<br \/>\u2014You are there already anyway\u2026<\/p>\n<p>12.<br \/>In life, you will frequently find yourself in situations you<br \/>don\u2019t want to be in\u2014but, when you look back to think about<br \/>the reasons that placed you in these situations, you will see<br \/>that you got in these situations because of your wanting to enter<br \/>situations\u2014when you trace the chain of situations in your life,<br \/>what you will find will be nothing else but yourself.<\/p>\n<p>In your life, you will always want to enter situations<br \/>which you will never want to get in\u2013and, will enter them\u2026<\/p>\n<p>13.<br \/>You will always try to live your life in advance<br \/>\u2014but this is impossible: your life will become your life<br \/>only after it is lived\u2014after you live it.<\/p>\n<p>You cannot live your life without living it<br \/>\u2014your life is your life only when you live it.<\/p>\n<p>But you will not be able to help trying to live your life<br \/>in advance: the lessons you take out of the life you have<br \/>lived that far will take you to certain crossroads\u2014<br \/>and there too, they will force you to take decisions<br \/>as to which way to continue\u2019this way\u2019 or \u2018that\u2019:<br \/>You must take those decisions.<\/p>\n<p>But your life does not care about your decisions\u2014<br \/>it brings you face to face with such situations that all those<br \/>supposedly deeply thought out decisions, directions, targets<br \/>fly away: simply because they have not been lived,<br \/>that\u2019s just it.<\/p>\n<p>So, your life is carried away by what\u2019s lived<br \/>\u2014your life, anyway, is that:<br \/>\u2014Your life is what you have lived<br \/>\u2014 not what you have decided to live<br \/>or wanted to live\u2026<\/p>\n<p>18.<br \/>You must live your life without expecting anything.<\/p>\n<p>You know how much you expect;<br \/>you will still expect them (you cannot help it);<br \/>but you will live knowing<br \/>what your expectations mean,<br \/>and if what you expect somehow come true one day,<br \/>you will also know what they mean.<\/p>\n<p>You must live knowing what you expect\u2014<br \/>but without expecting: knowing that the one<br \/>you expect most, even if it comes true one day,<br \/>will never come in the sense you expected it to\u2026<\/p>\n<p>Your life will be an expectation\u2014but you must live without expecting.<\/p>\n<p>19.<br \/>Your life will be the not coming true of what you expected\u2014<br \/>and so it will be your expecting what you know will not come true.<\/p>\n<p>25.<br \/>In your life you will find two fundamental values:<br \/>love and friendship. Sometimes, one of the two<br \/>will seem to you to be more valuable than the other;<br \/>and sometimes the other\u2014sometimes you will find<br \/>it difficult to decide which you need to consider more valuable<br \/>than the other; and sometimes, both of them will fall down to<br \/>equal valuelessness in your eyes.<\/p>\n<p>But, you must not deny the fundamental values of life themselves<br \/>just because this love or that friendship happened to fall down:<br \/>with all the pain, you will preserve your respect for them\u2014<br \/>and that will be your<br \/>third fundamental value.<\/p>\n<p>28.<br \/>In your life, you will be able to live such things too:\u2014<br \/>1) Calling someone up because you cannot find anything to say to him\/her\u2026<br \/>2) Waiting for someone to say that you will not be able to see him\/her anymore\u2026<br \/>3) Forsaking someone because you cannot stand not seeing him\/her\u2026<\/p>\n<p>Oh, you will live so much!\u2026<\/p>\n<p>32.<br \/>In your life, the ones you will want to be closest to<br \/>will be the ones who feel most the need to be far from you.<\/p>\n<p>33.<br \/>In life, no one will share\u2014will be able to share\u2014<br \/>your passions: you will always live and, live them,<br \/>and forget them.<\/p>\n<p>You will live only;<br \/>You will live alone\u2026<\/p>\n<p>35.<br \/>Your life will be the process of losing certain things<br \/>\u2014and also, later, the process to learn<br \/>that you haven\u2019t in fact lost them\u2026<\/p>\n<p>What you have lived will not be lost\u2014they will live.<\/p>\n<p>If you have lived, really lived certain things,<br \/>you cannot lose them anymore\u2014even if you want to:<br \/>even if you don\u2019t want to; they will live\u2026<\/p>\n<p>You are what you have lived.\u2014<\/p>\n<p>Your life will be the process of losing what you have lived<br \/>and winning them back<br \/>\u2014always the process of losing them,<br \/>and winning them back<br \/>again and again\u2026<\/p>\n<p>36.<br \/>Each moment you live<br \/>lives every moment<br \/>you live.<\/p>\n<p>37.<br \/>Take your time living\u2014you will sort of watch in awe<br \/>the shaping up of your life before you; and in the meantime,<br \/>you will feel, by means of some strange experience,<br \/>that you already knew in advance that your life<br \/>would be shaped in this direction.<br \/>Step by step, your life will be what it will be<br \/>with infallible steps\u2014and you, in awe, while<br \/>watching its becoming, will know that this was to be so anyway\u2026<\/p>\n<p>You will know your life anyway.<\/p>\n<p>48.<br \/>About _the ones who are inclined to exclaim<br \/>that \u201cLife, brother, is wonderful to live!\u201d (*),<br \/>you must pay attention to this:\u2014<\/p>\n<p>It\u2019s true indeed what they say: life is beautiful<br \/>\u2014and it is the one and only beauty that is\u2014; but,<br \/>it always becomes what it is amidst the ugly; and what makes it<br \/>beautiful, is its pain and sorrow,<br \/>as much as its joys and delights,<br \/>which are their counterparts.<\/p>\n<p>Life without pain is delightless,<br \/>and life without sorrow is joyless.<\/p>\n<p>Life is having joyful pains,<br \/>and living delightful sorrows.<\/p>\n<p>Your life will be<br \/>pain and sorrow, but joy and delight.<\/p>\n<p>Your life will be<br \/>sorrow and pain, because joy and delight.<\/p>\n<p>(*) a line in a N\u00e2z\u0131m Hikmet poem. The rest refers to a fundamental idea of Kant\u2019s in The Critique of Pure Reason.<\/p>\n<p>71.<br \/>What you will be able to do in life, will already be what you<br \/>will be able to\u2014but what you have been able to do might be<br \/>less than what you might have been able to do: you might have<br \/>missed\u2014do not be afraid of this, do not avoid it; anyway, if<br \/>you could determine what you have been able to do independent of<br \/>what you might have been able to do, you would then be \u2018Almighty\u2019!<\/p>\n<p>Never mind what you might have been able to do\u2014do what you are able to!<\/p>\n<p>72.<br \/>The \u2018ultimate\u2019 sum of your life\u2014that<br \/>you will never be able to know\u2014<br \/>will exclude nothing:<br \/>All your achievements will find their places in this sum\u2014<br \/>and also your failures, which, anyway,<br \/>will not have been a part of your life;<br \/>they will stay out: they will already<br \/>have stayed out.<\/p>\n<p>Whatever you have in your life,will remain.<\/p>\n<p>73.<br \/>The purpose of life, which you haven\u2019t been able to find in any<br \/>definite phase of your life, lies in it all the way.<\/p>\n<p>You will continuously search for the purpose of life and will not<br \/>be able to find it; that will be what will show you the way<br \/>and that is precisely the purpose\u2026<\/p>\n<p>(Author-Approved translation by YUSUF ERADAM)<\/p>\n<p>(*) This section from Say That (De Ki \u0130\u015fte) is dedicated to Bora\u011fan, the author\u2019s son, who was eleven years old when the book was completed.<\/p>\n<p><img loading=\"lazy\" src=\"https:\/\/yusuferadam.com\/wp-content\/uploads\/2020\/11\/philosopher-poet-Oruc\u0327-Aruoba.jpg\" alt=\"\" width=\"553\" height=\"720\"><\/p>\n<p><!-- Created with Elementor --><\/p>\n","protected":false},"excerpt":{"rendered":"<p>ORU\u00c7 ARUOBA(Yazar Onayl\u0131 \u00c7eviren \u00d6\u011frencisi: Yusuf Eradam) SELECTED PASSAGES FROM \u201cON LIFE\u201d (THAT) \u2013 DE Ki (\u0130\u015eTE)To Bora\u011fan (*) (This translation by his student Yusuf Eradam was approved in Ankara by Oru\u00e7 Oruoba, the author, when he visited the translator at his home some 20 years before he passed away in \u0130zmir in 2020.) 1. &hellip; <\/p>\n<p><a class=\"more-link btn\" href=\"http:\/\/yusuferadam.com\/?page_id=849\">Devam\u0131n\u0131 oku<\/a><\/p>\n","protected":false},"author":1,"featured_media":0,"parent":0,"menu_order":0,"comment_status":"closed","ping_status":"closed","template":"","meta":[],"_links":{"self":[{"href":"http:\/\/yusuferadam.com\/index.php?rest_route=\/wp\/v2\/pages\/849"}],"collection":[{"href":"http:\/\/yusuferadam.com\/index.php?rest_route=\/wp\/v2\/pages"}],"about":[{"href":"http:\/\/yusuferadam.com\/index.php?rest_route=\/wp\/v2\/types\/page"}],"author":[{"embeddable":true,"href":"http:\/\/yusuferadam.com\/index.php?rest_route=\/wp\/v2\/users\/1"}],"replies":[{"embeddable":true,"href":"http:\/\/yusuferadam.com\/index.php?rest_route=%2Fwp%2Fv2%2Fcomments&post=849"}],"version-history":[{"count":16,"href":"http:\/\/yusuferadam.com\/index.php?rest_route=\/wp\/v2\/pages\/849\/revisions"}],"predecessor-version":[{"id":875,"href":"http:\/\/yusuferadam.com\/index.php?rest_route=\/wp\/v2\/pages\/849\/revisions\/875"}],"wp:attachment":[{"href":"http:\/\/yusuferadam.com\/index.php?rest_route=%2Fwp%2Fv2%2Fmedia&parent=849"}],"curies":[{"name":"wp","href":"https:\/\/api.w.org\/{rel}","templated":true}]}}