{"id":882,"date":"2020-12-24T17:30:30","date_gmt":"2020-12-24T14:30:30","guid":{"rendered":"https:\/\/yusuferadam.com\/?page_id=882"},"modified":"2020-12-24T17:38:35","modified_gmt":"2020-12-24T14:38:35","slug":"mandalina-duasi","status":"publish","type":"page","link":"http:\/\/yusuferadam.com\/?page_id=882","title":{"rendered":"MANDAL\u0130NA DUASI"},"content":{"rendered":"<p><strong>MANDAL\u0130NA DUASI<\/strong><\/p>\n<p>Yoksula tavuk d\u00f6ner da\u011f\u0131tan kom\u015fum, ge\u00e7mi\u015f olsun<br \/>\nsen de vah\u015fi atlar\u0131n gitti\u011fi p\u0131nardan i\u00e7tin suyunu<br \/>\nkedilerin yatt\u0131\u011f\u0131 yer temizdir dedin uzand\u0131n<br \/>\n\u00fcst\u00fcnde b\u00f6rt\u00fc b\u00f6cek duran mantarlar\u0131<br \/>\ntoplad\u0131n ormandan, y\u00fcre\u011fin ferah<br \/>\nkurt\u00e7uklar\u0131n de\u011fdi\u011fi meyveler sas\u0131maz dedin yedin<br \/>\nevlendin karay\u0131lan\u0131n durup \u0131s\u0131nd\u0131\u011f\u0131 yere yapt\u0131n bark\u0131n\u0131<br \/>\nhi\u00e7 duraksamadan, ev iyesidir, bildin<br \/>\nebabillerin serinledi\u011fi kuytuyu kaz\u0131p \u00e7\u0131kard\u0131n<br \/>\nkuyu suyunu tek ba\u015f\u0131na &#8220;kad\u0131n halinle&#8221;<br \/>\nhep ye\u015fillik yedin, bacaklar\u0131n g\u00fc\u00e7l\u00fc, s\u0131rt\u0131n pek oldu<br \/>\nbir yumrukta yaban domuzunu yere sererdin<br \/>\nbal\u0131klar gibi y\u00fczmeyi bile \u00f6\u011frendin<br \/>\nhayat suyunda dertlenmedi y\u00fczge\u00e7lerin<br \/>\ntasas\u0131z bilinirdi kalbin akl\u0131na geldik\u00e7e g\u00f6ky\u00fcz\u00fcne<br \/>\nmaviye bakt\u0131n diye.<\/p>\n<p>pek konu\u015fkan de\u011fildin, kafesimde kahve i\u00e7i\u015fime<br \/>\nuzaktan bakard\u0131n \u015fiir kitaplar\u0131ma<br \/>\ni\u015fine g\u00fcc\u00fcne de ayn\u0131 zamanda<br \/>\nsen de erken yatt\u0131n, hep ku\u015fluk vakti uyand\u0131n<br \/>\ncan\u0131n tezdir senin, kalbin sa\u011flam, usul ya\u015fad\u0131n<br \/>\nmandalina att\u0131m sana penceremden<br \/>\nkurtulu\u015f g\u00fcvercinleri uyanmadan d\u00fckkan\u0131 a\u00e7t\u0131\u011f\u0131nda<br \/>\nba\u015flatt\u0131\u011f\u0131nda herkese sevin\u00e7 da\u011f\u0131taca\u011f\u0131n yeni g\u00fcn\u00fc<br \/>\nnaylon torban\u0131n i\u00e7ine bakt\u0131n, kurt\u00e7u\u011fu g\u00f6r\u00fcp sevindin<br \/>\nge\u00e7mi\u015f olsun kom\u015fum, g\u00f6rd\u00fcm, o da g\u00f6rd\u00fc g\u00fcl\u00fc\u015f\u00fcn\u00fc<br \/>\ngiderken elini tuttun k\u0131rkbir y\u0131ll\u0131k e\u015finin<br \/>\nzencefil ve ben bekleyece\u011fiz yuvana d\u00f6n\u00fc\u015f\u00fcn\u00fc.<\/p>\n<p>Yusuf Eradam, 23.12.2020, Ankara<\/p>\n<p><img loading=\"lazy\" src=\"https:\/\/yusuferadam.com\/wp-content\/uploads\/2020\/12\/photos.jpg\" alt=\"\" width=\"960\" height=\"700\" class=\"alignnone size-full wp-image-883\" srcset=\"http:\/\/yusuferadam.com\/wp-content\/uploads\/2020\/12\/photos.jpg 960w, http:\/\/yusuferadam.com\/wp-content\/uploads\/2020\/12\/photos-300x219.jpg 300w, http:\/\/yusuferadam.com\/wp-content\/uploads\/2020\/12\/photos-768x560.jpg 768w, http:\/\/yusuferadam.com\/wp-content\/uploads\/2020\/12\/photos-907x661.jpg 907w\" sizes=\"(max-width: 960px) 100vw, 960px\" \/><\/p>\n","protected":false},"excerpt":{"rendered":"<p>MANDAL\u0130NA DUASI Yoksula tavuk d\u00f6ner da\u011f\u0131tan kom\u015fum, ge\u00e7mi\u015f olsun sen de vah\u015fi atlar\u0131n gitti\u011fi p\u0131nardan i\u00e7tin suyunu kedilerin yatt\u0131\u011f\u0131 yer temizdir dedin uzand\u0131n \u00fcst\u00fcnde b\u00f6rt\u00fc b\u00f6cek duran mantarlar\u0131 toplad\u0131n ormandan, y\u00fcre\u011fin ferah kurt\u00e7uklar\u0131n de\u011fdi\u011fi meyveler sas\u0131maz dedin yedin evlendin karay\u0131lan\u0131n durup \u0131s\u0131nd\u0131\u011f\u0131 yere yapt\u0131n bark\u0131n\u0131 hi\u00e7 duraksamadan, ev iyesidir, bildin ebabillerin serinledi\u011fi kuytuyu kaz\u0131p \u00e7\u0131kard\u0131n &hellip; <\/p>\n<p><a class=\"more-link btn\" href=\"http:\/\/yusuferadam.com\/?page_id=882\">Devam\u0131n\u0131 oku<\/a><\/p>\n","protected":false},"author":1,"featured_media":0,"parent":0,"menu_order":0,"comment_status":"closed","ping_status":"closed","template":"","meta":[],"_links":{"self":[{"href":"http:\/\/yusuferadam.com\/index.php?rest_route=\/wp\/v2\/pages\/882"}],"collection":[{"href":"http:\/\/yusuferadam.com\/index.php?rest_route=\/wp\/v2\/pages"}],"about":[{"href":"http:\/\/yusuferadam.com\/index.php?rest_route=\/wp\/v2\/types\/page"}],"author":[{"embeddable":true,"href":"http:\/\/yusuferadam.com\/index.php?rest_route=\/wp\/v2\/users\/1"}],"replies":[{"embeddable":true,"href":"http:\/\/yusuferadam.com\/index.php?rest_route=%2Fwp%2Fv2%2Fcomments&post=882"}],"version-history":[{"count":1,"href":"http:\/\/yusuferadam.com\/index.php?rest_route=\/wp\/v2\/pages\/882\/revisions"}],"predecessor-version":[{"id":887,"href":"http:\/\/yusuferadam.com\/index.php?rest_route=\/wp\/v2\/pages\/882\/revisions\/887"}],"wp:attachment":[{"href":"http:\/\/yusuferadam.com\/index.php?rest_route=%2Fwp%2Fv2%2Fmedia&parent=882"}],"curies":[{"name":"wp","href":"https:\/\/api.w.org\/{rel}","templated":true}]}}